{"id":2,"date":"2017-06-14T22:29:05","date_gmt":"2017-06-14T22:29:05","guid":{"rendered":"http:\/\/www.beylikduzugunlukkiralikdaireler.com\/?page_id=2"},"modified":"2017-07-12T21:09:13","modified_gmt":"2017-07-12T21:09:13","slug":"about","status":"publish","type":"page","link":"https:\/\/www.beylikduzugunlukkiralikdaireler.com\/?page_id=2","title":{"rendered":"HAKKIMIZDA"},"content":{"rendered":"<p>Sayg\u0131 de\u011fer misafirlarimiz; Sizlerin sayesinde sekt\u00f6rde 7. y\u0131l\u0131m\u0131z\u0131 doldurduk. Son 3 y\u0131l\u0131m\u0131z\u0131 ise sizler i\u00e7in sekt\u00f6r\u00fcm\u00fczde 1 numara olmak ad\u0131na \u00e7al\u0131\u015farak ge\u00e7irdik.<\/p>\n<p>Bug\u00fcn i\u00e7in \u015funu rahatl\u0131kla s\u00f6ylebiliyoruz, bizde konaklayan misafirlerimiz tekrar \u0130stanbul&#8217;a geldiklerinde asla ba\u015fka hi\u00e7bir firmay\u0131 aramayacakt\u0131r. Sweet Home g\u00fcnl\u00fck, haftal\u0131k ve ayl\u0131k konaklama hizmeti sunmaktad\u0131r. Beylikd\u00fcz\u00fc,beykent ve G\u00fcrp\u0131nar&#8217;da g\u00fcnl\u00fck kiral\u0131k havuzlu,klimal\u0131,deniz manzaral\u0131,ikram tepsili ve ultra l\u00fcx daireler.<\/p>\n","protected":false},"excerpt":{"rendered":"<p>Sayg\u0131 de\u011fer misafirlarimiz; Sizlerin sayesinde sekt\u00f6rde 7. y\u0131l\u0131m\u0131z\u0131 doldurduk. Son 3 y\u0131l\u0131m\u0131z\u0131 ise sizler i\u00e7in sekt\u00f6r\u00fcm\u00fczde 1 numara olmak ad\u0131na \u00e7al\u0131\u015farak ge\u00e7irdik. Bug\u00fcn i\u00e7in \u015funu rahatl\u0131kla s\u00f6ylebiliyoruz, bizde konaklayan misafirlerimiz tekrar \u0130stanbul&#8217;a geldiklerinde asla ba\u015fka hi\u00e7bir firmay\u0131 aramayacakt\u0131r. Sweet Home g\u00fcnl\u00fck, haftal\u0131k ve ayl\u0131k konaklama hizmeti sunmaktad\u0131r. Beylikd\u00fcz\u00fc,beykent ve G\u00fcrp\u0131nar&#8217;da g\u00fcnl\u00fck kiral\u0131k havuzlu,klimal\u0131,deniz manzaral\u0131,ikram tepsili [&hellip;]<\/p>\n","protected":false},"author":1,"featured_media":0,"parent":0,"menu_order":0,"comment_status":"open","ping_status":"open","template":"","meta":{"om_disable_all_campaigns":false,"_monsterinsights_skip_tracking":false,"_monsterinsights_sitenote_active":false,"_monsterinsights_sitenote_note":"","_monsterinsights_sitenote_category":0,"footnotes":""},"class_list":["post-2","page","type-page","status-publish","hentry"],"aioseo_notices":[],"_links":{"self":[{"href":"https:\/\/www.beylikduzugunlukkiralikdaireler.com\/index.php?rest_route=\/wp\/v2\/pages\/2","targetHints":{"allow":["GET"]}}],"collection":[{"href":"https:\/\/www.beylikduzugunlukkiralikdaireler.com\/index.php?rest_route=\/wp\/v2\/pages"}],"about":[{"href":"https:\/\/www.beylikduzugunlukkiralikdaireler.com\/index.php?rest_route=\/wp\/v2\/types\/page"}],"author":[{"embeddable":true,"href":"https:\/\/www.beylikduzugunlukkiralikdaireler.com\/index.php?rest_route=\/wp\/v2\/users\/1"}],"replies":[{"embeddable":true,"href":"https:\/\/www.beylikduzugunlukkiralikdaireler.com\/index.php?rest_route=%2Fwp%2Fv2%2Fcomments&post=2"}],"version-history":[{"count":3,"href":"https:\/\/www.beylikduzugunlukkiralikdaireler.com\/index.php?rest_route=\/wp\/v2\/pages\/2\/revisions"}],"predecessor-version":[{"id":235,"href":"https:\/\/www.beylikduzugunlukkiralikdaireler.com\/index.php?rest_route=\/wp\/v2\/pages\/2\/revisions\/235"}],"wp:attachment":[{"href":"https:\/\/www.beylikduzugunlukkiralikdaireler.com\/index.php?rest_route=%2Fwp%2Fv2%2Fmedia&parent=2"}],"curies":[{"name":"wp","href":"https:\/\/api.w.org\/{rel}","templated":true}]}}